{"id":20,"date":"2023-10-13T11:32:23","date_gmt":"2023-10-13T09:32:23","guid":{"rendered":"https:\/\/charlotte-l.fr\/?page_id=20"},"modified":"2023-10-13T11:32:23","modified_gmt":"2023-10-13T09:32:23","slug":"creez-votre-site-avec-des-blocs","status":"publish","type":"page","link":"https:\/\/charlotte-l.fr\/","title":{"rendered":"Cr\u00e9ez votre site avec des blocs"},"content":{"rendered":"\n\t\t\t\t\t\n\t\t\t\t\t<h2 class=\"alignwide has-text-align-wide has-gigantic-font-size wp-block-heading\" style=\"line-height:1.1\">Cr\u00e9ez votre site avec des blocs<\/h2>\n\t\t\t\t\t\n\n\t\t\t\t\t\n\t\t\t\t\t<div style=\"height:100px\" aria-hidden=\"true\" class=\"wp-block-spacer\"><\/div>\n\t\t\t\t\t\n\n\t\t\t\t\t\n\t\t\t\t\t<div class=\"wp-block-columns alignwide are-vertically-aligned-center is-style-twentytwentyone-columns-overlap is-layout-flex wp-container-core-columns-is-layout-9d6595d7 wp-block-columns-is-layout-flex\">\n\t\t\t\t\t<div class=\"wp-block-column is-vertically-aligned-center is-layout-flow wp-block-column-is-layout-flow\">\n\t\t\t\t\t<figure class=\"wp-block-image alignfull size-large\"><img decoding=\"async\" src=\"https:\/\/charlotte-l.fr\/wp-content\/themes\/twentytwentyone\/assets\/images\/roses-tremieres-hollyhocks-1884.jpg\" alt=\"\u00ab\u00a0Rose Tr\u00e9mi\u00e8res\u00a0\u00bb par Berthe Morisot\"\/><\/figure>\n\t\t\t\t\t\n\n\t\t\t\t\t\n\t\t\t\t\t<div style=\"height:100px\" aria-hidden=\"true\" class=\"wp-block-spacer\"><\/div>\n\t\t\t\t\t\n\n\t\t\t\t\t\n\t\t\t\t\t<figure class=\"wp-block-image alignfull size-large is-style-twentytwentyone-image-frame\"><img decoding=\"async\" src=\"https:\/\/charlotte-l.fr\/wp-content\/themes\/twentytwentyone\/assets\/images\/in-the-bois-de-boulogne.jpg\" alt=\"\u00ab\u00a0Dans le bois de Boulogne\u00a0\u00bb par Berthe Morisot\"\/><\/figure>\n\t\t\t\t\t<\/div>\n\t\t\t\t\t\n\n\t\t\t\t\t\n\t\t\t\t\t<div class=\"wp-block-column is-vertically-aligned-center is-layout-flow wp-block-column-is-layout-flow\">\n\t\t\t\t\t<div style=\"height:100px\" aria-hidden=\"true\" class=\"wp-block-spacer\"><\/div>\n\t\t\t\t\t\n\n\t\t\t\t\t\n\t\t\t\t\t<figure class=\"wp-block-image size-large alignfull size-full is-style-twentytwentyone-border\"><img decoding=\"async\" src=\"https:\/\/charlotte-l.fr\/wp-content\/themes\/twentytwentyone\/assets\/images\/young-woman-in-mauve.jpg\" alt=\"\u00ab\u00a0Jeune femme en mauve\u00a0\u00bb par Berthe Morisot\"\/><\/figure>\n\t\t\t\t\t<\/div>\n\t\t\t\t\t<\/div>\n\t\t\t\t\t\n\n\t\t\t\t\t\n\t\t\t\t\t<div style=\"height:50px\" aria-hidden=\"true\" class=\"wp-block-spacer\"><\/div>\n\t\t\t\t\t\n\n\t\t\t\t\t\n\t\t\t\t\t<div class=\"wp-block-columns alignwide are-vertically-aligned-top is-layout-flex wp-container-core-columns-is-layout-9d6595d7 wp-block-columns-is-layout-flex\">\n\t\t\t\t\t<div class=\"wp-block-column is-vertically-aligned-top is-layout-flow wp-block-column-is-layout-flow\">\n\t\t\t\t\t<h3 class=\"wp-block-heading\">Ajouter des compositions de blocs<\/h3>\n\t\t\t\t\t\n\n\t\t\t\t\t\n\t\t\t\t\t<p>Les compositions de blocs sont des groupes de blocs pr\u00e9-con\u00e7us. Pour en ajouter un, s\u00e9lectionnez le bouton Ajouter un bloc [+] dans la barre d\u2019outils en haut de l\u2019\u00e9diteur. Passez \u00e0 l\u2019onglet Compositions sous la barre de recherche, et choisissez une composition.<\/p>\n\t\t\t\t\t<\/div>\n\t\t\t\t\t\n\n\t\t\t\t\t\n\t\t\t\t\t<div class=\"wp-block-column is-vertically-aligned-top is-layout-flow wp-block-column-is-layout-flow\">\n\t\t\t\t\t<h3 class=\"wp-block-heading\">Encadrez vos images<\/h3>\n\t\t\t\t\t\n\n\t\t\t\t\t\n\t\t\t\t\t<p>Twenty Twenty-One inclut de sublimes bordures pour votre contenu. Avec un bloc d\u2019image s\u00e9lectionn\u00e9, ouvrez le panneau \u00ab\u00a0Styles\u00a0\u00bb dans la barre lat\u00e9rale de l\u2019\u00e9diteur. S\u00e9lectionnez le style de bloc \u00ab\u00a0Cadre\u00a0\u00bb pour l\u2019activer.<\/p>\n\t\t\t\t\t<\/div>\n\t\t\t\t\t\n\n\t\t\t\t\t\n\t\t\t\t\t<div class=\"wp-block-column is-vertically-aligned-top is-layout-flow wp-block-column-is-layout-flow\">\n\t\t\t\t\t<h3 class=\"wp-block-heading\">Colonnes se chevauchant<\/h3>\n\t\t\t\t\t\n\n\t\t\t\t\t\n\t\t\t\t\t<p>Twenty Twenty-One inclut \u00e9galement un style \u00ab\u00a0chevauchement\u00a0\u00bb pour le bloc colonnes. S\u00e9lectionnez un bloc colonnes puis ouvrez le panneau \u00ab\u00a0styles\u00a0\u00bb dans la barre lat\u00e9rale de l\u2019\u00e9diteur. S\u00e9lectionnez le style de bloc \u00ab\u00a0chevauchement\u00a0\u00bb pour l\u2019essayer.<\/p>\n\t\t\t\t\t<\/div>\n\t\t\t\t\t<\/div>\n\t\t\t\t\t\n\n\t\t\t\t\t\n\t\t\t\t\t<div style=\"height:100px\" aria-hidden=\"true\" class=\"wp-block-spacer\"><\/div>\n\t\t\t\t\t\n\n\t\t\t\t\t\n\t\t\t\t\t<div class=\"wp-block-cover alignwide has-green-background-color has-background-dim is-style-twentytwentyone-border\"><div class=\"wp-block-cover__inner-container is-layout-flow wp-block-cover-is-layout-flow\">\n\t\t\t\t\t<div style=\"height:20px\" aria-hidden=\"true\" class=\"wp-block-spacer\"><\/div>\n\t\t\t\t\t\n\n\t\t\t\t\t\n\t\t\t\t\t<p class=\"has-huge-font-size\">Besoin d\u2019aide\u00a0?<\/p>\n\t\t\t\t\t\n\n\t\t\t\t\t\n\t\t\t\t\t<div style=\"height:75px\" aria-hidden=\"true\" class=\"wp-block-spacer\"><\/div>\n\t\t\t\t\t\n\n\t\t\t\t\t\n\t\t\t\t\t<div class=\"wp-block-columns is-layout-flex wp-container-core-columns-is-layout-9d6595d7 wp-block-columns-is-layout-flex\">\n\t\t\t\t\t<div class=\"wp-block-column is-layout-flow wp-block-column-is-layout-flow\">\n\t\t\t\t\t<p><a href=\"https:\/\/wordpress.org\/documentation\/article\/twenty-twenty-one\/\">Lire la documentation du th\u00e8me<\/a><\/p>\n\t\t\t\t\t<\/div>\n\t\t\t\t\t\n\n\t\t\t\t\t\n\t\t\t\t\t<div class=\"wp-block-column is-layout-flow wp-block-column-is-layout-flow\">\n\t\t\t\t\t<p><a href=\"https:\/\/wordpress.org\/support\/theme\/twentytwentyone\/\">Consulter les forums de support<\/a><\/p>\n\t\t\t\t\t<\/div>\n\t\t\t\t\t<\/div>\n\t\t\t\t\t\n\n\t\t\t\t\t\n\t\t\t\t\t<div style=\"height:20px\" aria-hidden=\"true\" class=\"wp-block-spacer\"><\/div>\n\t\t\t\t\t<\/div><\/div>\n\t\t\t\t\t","protected":false},"excerpt":{"rendered":"<p>Cr\u00e9ez votre site avec des blocs Ajouter des compositions de blocs Les compositions de blocs sont des groupes de blocs pr\u00e9-con\u00e7us. Pour en ajouter un, s\u00e9lectionnez le bouton Ajouter un bloc [+] dans la barre d\u2019outils en haut de l\u2019\u00e9diteur. Passez \u00e0 l\u2019onglet Compositions sous la barre de recherche, et choisissez une composition. Encadrez vos&hellip; <a class=\"more-link\" href=\"https:\/\/charlotte-l.fr\/\">Continue reading <span class=\"screen-reader-text\">Cr\u00e9ez votre site avec des blocs<\/span><\/a><\/p>\n","protected":false},"author":1,"featured_media":0,"parent":0,"menu_order":0,"comment_status":"closed","ping_status":"closed","template":"","meta":{"footnotes":""},"class_list":["post-20","page","type-page","status-publish","hentry","entry"],"_links":{"self":[{"href":"https:\/\/charlotte-l.fr\/index.php\/wp-json\/wp\/v2\/pages\/20","targetHints":{"allow":["GET"]}}],"collection":[{"href":"https:\/\/charlotte-l.fr\/index.php\/wp-json\/wp\/v2\/pages"}],"about":[{"href":"https:\/\/charlotte-l.fr\/index.php\/wp-json\/wp\/v2\/types\/page"}],"author":[{"embeddable":true,"href":"https:\/\/charlotte-l.fr\/index.php\/wp-json\/wp\/v2\/users\/1"}],"replies":[{"embeddable":true,"href":"https:\/\/charlotte-l.fr\/index.php\/wp-json\/wp\/v2\/comments?post=20"}],"version-history":[{"count":1,"href":"https:\/\/charlotte-l.fr\/index.php\/wp-json\/wp\/v2\/pages\/20\/revisions"}],"predecessor-version":[{"id":26,"href":"https:\/\/charlotte-l.fr\/index.php\/wp-json\/wp\/v2\/pages\/20\/revisions\/26"}],"wp:attachment":[{"href":"https:\/\/charlotte-l.fr\/index.php\/wp-json\/wp\/v2\/media?parent=20"}],"curies":[{"name":"wp","href":"https:\/\/api.w.org\/{rel}","templated":true}]}}